{"id":286,"date":"2021-11-16T19:24:18","date_gmt":"2021-11-16T19:24:18","guid":{"rendered":"https:\/\/magic-reflect.benito.website\/?page_id=286"},"modified":"2021-11-16T19:24:18","modified_gmt":"2021-11-16T19:24:18","slug":"garantie","status":"publish","type":"page","link":"https:\/\/magic-reflect.benito.website\/index.php\/garantie\/","title":{"rendered":"La garantie de votre Magic Reflect."},"content":{"rendered":"<p><strong>La garantie de votre Magic Reflect.<\/strong><\/p>\n<p>Toutes les nouvelles commandes sont assorties d\u2019une garantie compl\u00e8te de 12 mois sur les pi\u00e8ces et la main-d\u2019\u0153uvre, \u00e0 compter de la date d\u2019achat.<\/p>\n<p>Si un probl\u00e8me survient dans les 12 mois avec votre nouveau miroir, vous b\u00e9n\u00e9ficiez d\u2019un service apr\u00e8s-vente. Nous sommes \u00e0 votre \u00e9coute, n\u2019h\u00e9sitez donc pas \u00e0 nous contacter par mail ou t\u00e9l\u00e9phone.<\/p>\n<p><strong>Qu\u2019est-ce qui est couvert?<\/strong><\/p>\n<p>Si votre achat ne fonctionne pas dans des conditions normales d\u2019utilisation et d\u2019entretien et ceci en raison de d\u00e9fauts de pi\u00e8ces ou de fabrication, notre garantie couvrira le co\u00fbt des pi\u00e8ces et de la main-d\u2019\u0153uvre n\u00e9cessaires pour r\u00e9parer ou remplacer votre retour sous garantie. Les remplacements seront effectu\u00e9s conform\u00e9ment aux sp\u00e9cifications et \u00e0 l\u2019aspect esth\u00e9tique du Magic Reflect renvoy\u00e9.<\/p>\n<p>En cas d\u2019un remplacement avec un Magic Reflect d\u2019un autre mod\u00e8le, d\u2019une autre couleur ou d\u2019une autre m\u00e9moire, il est important que les deux parties en conviennent.<\/p>\n<p>Notre objectif est de r\u00e9parer ou de remplacer tous les retours sous garantie dans un d\u00e9lai raisonnable, mais les d\u00e9lais de livraison varieront en fonction de la disponibilit\u00e9 des stocks et \/ ou des pi\u00e8ces de rechange.<\/p>\n<p><strong>Qu\u2019est-ce qui n\u2019est pas couvert?<\/strong><\/p>\n<p>La garantie n\u2019est pas une police d\u2019assurance et nous consid\u00e9rerons que tout d\u00e9g\u00e2t d\u00fb \u00e0 une mauvaise utilisation (accidentels, d\u00e9lib\u00e9r\u00e9s ou d\u00e9g\u00e2ts des eaux) annule la garantie. Si vous nous renvoyez l\u2019objet et que nous nous rendons compte qu\u2019il s\u2019agit d\u2019un d\u00e9g\u00e2t d\u00fb \u00e0 une mauvaise utilisation, nous vous contacterons.<\/p>\n<p>Nous ne couvrons pas les d\u00e9fauts et \/ ou les dommages r\u00e9sultant de:<\/p>\n<ul>\n<li>Usure normale du mat\u00e9riel ou due au vieillissement normal du mat\u00e9riel<\/li>\n<li>Tout d\u00e9montage, r\u00e9paration, alt\u00e9ration ou modification effectu\u00e9e par toute personne tiers.<\/li>\n<li>Mauvaise utilisation, abus, n\u00e9gligence ou accident quelle qu\u2019en soit la cause.<\/li>\n<li>Test, op\u00e9ration, maintenance, installation, alt\u00e9ration ou modification du produit.<\/li>\n<li>Cette garantie ne sera pas disponible: a) si le num\u00e9ro de s\u00e9rie ou le sceau de garantie sur le produit est illisible, a \u00e9t\u00e9 alt\u00e9r\u00e9 ou enlev\u00e9; ou b) sans preuve d\u2019achat.<\/li>\n<li>Nous ne couvrons aucun Magic Reflect pour les d\u00e9g\u00e2ts d\u2019eau; cela inclut les Magic Reflect jug\u00e9s \u00e9tanches \/ r\u00e9sistants \u00e0 l\u2019eau lorsqu\u2019ils sont neufs. Cela est d\u00fb au fait que les joints en caoutchouc \/ l\u2019imperm\u00e9abilisation se d\u00e9gradent avec le temps. Par cons\u00e9quent, nous ne pouvons pas garantir que les joints d\u2019un t\u00e9l\u00e9phone d\u2019occasion seront toujours intact.<\/li>\n<\/ul>\n<p>Nous ne couvrons pas les dommages indirects ou accessoires, y compris, mais sans s\u2019y limiter, la perte d\u2019utilisation, la perte d\u2019activit\u00e9 d\u2019entreprise, la perte de profits, la perte de donn\u00e9es, tous les frais li\u00e9s aux contrats tiers, le temps perdu et les efforts effectu\u00e9s.<\/p>\n<p>Toute tentative de r\u00e9paration du Magic Reflect par un tiers invalidera la p\u00e9riode de retour ou la garantie en vigueur. C\u2019est pourquoi nous vous conseillons vivement de signaler tout probl\u00e8me potentiel en premier lieu et nous pourrons vous conseiller davantage.<\/p>\n<p><strong>Que devez-vous faire ?<\/strong><\/p>\n<p>Tous les d\u00e9fauts doivent nous \u00eatre signal\u00e9s lors de la d\u00e9couverte initiale du d\u00e9faut, car le fait de continuer de faire fonctionner un appareil avec un d\u00e9faut pourrait rendre le Magic Reflect irr\u00e9parable. Dans ce cas, vous serez tenu financi\u00e8rement responsable et tous les co\u00fbts associ\u00e9s au retour deviendront les v\u00f4tres. Dans ce cas, nous ne confirmerons pas une r\u00e9paration ou un remplacement sous garantie.<\/p>\n<p>Nous ne fournissons en aucun cas une quelconque garantie pour la perte de donn\u00e9es et tous les produits retourn\u00e9s seront r\u00e9initialis\u00e9s aux param\u00e8tres d\u2019usine et effac\u00e9s. Nous vous conseillons de faire une sauvegarde des donn\u00e9es du Magic Reflect \u00e0 intervalles r\u00e9guliers.<\/p>\n<p>L\u2019appareil doit nous \u00eatre retourn\u00e9 au plus tard \u00e0 la date d\u2019expiration de la p\u00e9riode de garantie. En dehors de cette p\u00e9riode, il sera consid\u00e9r\u00e9 comme \u00e9tant hors garantie et celui-ci vous sera renvoy\u00e9 sous r\u00e9serve des frais correspondants.<\/p>\n<p>Veuillez-vous assurer que l\u2019appareil est emball\u00e9 en toute s\u00e9curit\u00e9 et conform\u00e9ment aux consignes jointe au t\u00e9l\u00e9phone avant de nous l\u2019envoyer. Veuillez conserver votre preuve d\u2019envoi et le num\u00e9ro de suivi.<\/p>\n<p>Vous \u00eates responsable du Magic Reflect jusqu\u2019\u00e0 ce que nous acceptions la livraison.<\/p>\n<p>Pour l\u2019adresse de retour ou toutes autres questions concernant la garantie vous pouvez nous contacter \u00e0 l\u2019e-mail suivant : contact@magic-reflect.eu<\/p>\n<p>Vous \u00eates responsable des frais d\u2019envoi vers et depuis notre si\u00e8ge social. Nos frais de retour pour les retours de garantie \u00e9ligibles sont de 11,35\u20ac et peuvent varier. Ils peuvent \u00eatre pay\u00e9s avec une carte de cr\u00e9dit ou de d\u00e9bit ou directement sur notre compte PayPal.<\/p>\n<p><strong>Aucun d\u00e9faut d\u00e9couvert<\/strong><\/p>\n<p>Chaque appareil est soumis \u00e0 des phases de tests rigoureux qui d\u00e9passent les standards de l\u2019industrie avant d\u2019\u00eatre mis en vente, puis de nouveau avant d\u2019\u00eatre exp\u00e9di\u00e9es afin d\u2019offrir \u00e0 nos clients une tranquillit\u00e9 d\u2019esprit totale. Nous nous assurons que chaque retour de garantie est soumis au m\u00eame processus de test pour assurer la coh\u00e9rence.<\/p>\n<p>Si nous estimons qu\u2019un appareil retourn\u00e9 sous garantie fonctionne pleinement, ce Magic Reflect vous sera retourn\u00e9 \u00e0 condition que le paiement des frais correspondants soit effectu\u00e9 dans les d\u00e9lais impartis. Les frais de traitement de retour s\u2019\u00e9l\u00e8vent \u00e0 10,21\u20ac pouvant varier\u00a0et les frais d\u2019affranchissement de retour \u00e0 11,36\u20ac pouvant varier.<\/p>\n<p><strong>Frais<\/strong><\/p>\n<p>Notre garantie couvre le co\u00fbt des pi\u00e8ces et de la main-d\u2019\u0153uvre n\u00e9cessaires pour r\u00e9parer ou remplacer les retours de garantie \u00e9ligibles par un mod\u00e8le similaire ou une alternative agr\u00e9\u00e9e. Cependant, vous \u00eates responsable des frais suivants:<\/p>\n<ul>\n<li>Nos frais de retour pour vous via un service enti\u00e8rement suivi \u2013 11,36\u20ac pouvant varier.<\/li>\n<li>Vos frais de port pour nous pouvant varier.<\/li>\n<li>Les retours sans d\u00e9fauts et les retours sous garantie non \u00e9ligibles seront \u00e9galement soumis \u00e0 des frais de traitement des retours de 10,23\u20ac pouvant varier.<\/li>\n<\/ul>\n<p><strong>Retours non r\u00e9clam\u00e9s<\/strong><\/p>\n<p>Si nous ne sommes pas en mesure de vous contacter pour plus d\u2019informations pour les retours, afin d\u2019obtenir les frais de retour correspondants, nous retiendrons votre retour pour une p\u00e9riode de 30 jours. Si cette p\u00e9riode est \u00e9coul\u00e9e, l\u2019article retourn\u00e9 sera \u00e9limin\u00e9 et toute politique de retour ou de garantie annul\u00e9e.<\/p>\n<p><strong>Changements \u00e0 cet accord<\/strong><\/p>\n<p>De temps en temps, nous devrons \u00e9galement apporter des modifications \u00e0 cette politique. Nous vous donnerons un pr\u00e9avis raisonnable de tout changement \u00e0 cette politique. Ces changements n\u2019affecteront pas les achats pass\u00e9s.<\/p>\n<p><strong>Autre<\/strong><\/p>\n<ul>\n<li>Nous nous r\u00e9servons le droit de prendre les mesures que nous jugerons appropri\u00e9es au cas o\u00f9 vous enfreindriez cette politique. Si nous n\u2019exer\u00e7ons pas un droit qui nous est disponible en vertu de cette politique, cela ne constitue pas une renonciation \u00e0 nos droits.<\/li>\n<li>Si un terme de cette politique est jug\u00e9 invalide, nul ou inapplicable par un tribunal ou un organisme de r\u00e9glementation, ce terme sera dissociable et n\u2019affectera pas la validit\u00e9 et le caract\u00e8re ex\u00e9cutoire des termes restants de cette politique.<\/li>\n<li>Vous ne pouvez pas c\u00e9der ou transf\u00e9rer la pr\u00e9sente politique ni aucun droit ou obligation en vertu de celle-ci sans notre consentement \u00e9crit pr\u00e9alable. Nous pouvons c\u00e9der ou transf\u00e9rer la pr\u00e9sente politique, ou tout droit ou obligation en vertu de celle-ci, moyennant un pr\u00e9avis raisonnable.<\/li>\n<li>Tous les produits, pi\u00e8ces, cartes ou \u00e9quipements d\u00e9fectueux remplac\u00e9s deviendront notre propri\u00e9t\u00e9.<\/li>\n<li>La p\u00e9riode de garantie commence \u00e0 compter de la date d\u2019achat une fois qu\u2019elle a \u00e9t\u00e9 approuv\u00e9e et s\u2019ex\u00e9cute sans d\u00e9lai \u00e0 partir de cette p\u00e9riode. En aucun cas, une garantie ne peut \u00eatre retard\u00e9e, \u00e9tendue ou renouvel\u00e9e.<\/li>\n<li>La p\u00e9riode de garantie ne red\u00e9marre pas en cas de r\u00e9paration ou de remplacement de la garantie.<\/li>\n<\/ul>\n","protected":false},"excerpt":{"rendered":"<p>La garantie de votre Magic Reflect. Toutes les nouvelles commandes sont assorties d\u2019une garantie compl\u00e8te de 12 mois sur les\u2026<\/p>\n","protected":false},"author":1,"featured_media":0,"parent":0,"menu_order":0,"comment_status":"closed","ping_status":"closed","template":"","meta":{"spay_email":"","footnotes":""},"class_list":["post-286","page","type-page","status-publish","hentry"],"_links":{"self":[{"href":"https:\/\/magic-reflect.benito.website\/index.php\/wp-json\/wp\/v2\/pages\/286","targetHints":{"allow":["GET"]}}],"collection":[{"href":"https:\/\/magic-reflect.benito.website\/index.php\/wp-json\/wp\/v2\/pages"}],"about":[{"href":"https:\/\/magic-reflect.benito.website\/index.php\/wp-json\/wp\/v2\/types\/page"}],"author":[{"embeddable":true,"href":"https:\/\/magic-reflect.benito.website\/index.php\/wp-json\/wp\/v2\/users\/1"}],"replies":[{"embeddable":true,"href":"https:\/\/magic-reflect.benito.website\/index.php\/wp-json\/wp\/v2\/comments?post=286"}],"version-history":[{"count":1,"href":"https:\/\/magic-reflect.benito.website\/index.php\/wp-json\/wp\/v2\/pages\/286\/revisions"}],"predecessor-version":[{"id":287,"href":"https:\/\/magic-reflect.benito.website\/index.php\/wp-json\/wp\/v2\/pages\/286\/revisions\/287"}],"wp:attachment":[{"href":"https:\/\/magic-reflect.benito.website\/index.php\/wp-json\/wp\/v2\/media?parent=286"}],"curies":[{"name":"wp","href":"https:\/\/api.w.org\/{rel}","templated":true}]}}