{"id":270,"date":"2021-11-16T19:01:51","date_gmt":"2021-11-16T19:01:51","guid":{"rendered":"https:\/\/magic-reflect.benito.website\/?page_id=270"},"modified":"2026-04-01T18:56:45","modified_gmt":"2026-04-01T18:56:45","slug":"team","status":"publish","type":"page","link":"https:\/\/magic-reflect.benito.website\/index.php\/team\/","title":{"rendered":"Team"},"content":{"rendered":"\t\t<div data-elementor-type=\"wp-page\" data-elementor-id=\"270\" class=\"elementor elementor-270\" data-elementor-settings=\"[]\">\n\t\t\t\t\t\t\t<div class=\"elementor-section-wrap\">\n\t\t\t\t\t\t\t<section class=\"elementor-section elementor-top-section elementor-element elementor-element-5430b83 elementor-section-boxed elementor-section-height-default elementor-section-height-default\" data-id=\"5430b83\" data-element_type=\"section\">\n\t\t\t\t\t\t<div class=\"elementor-container elementor-column-gap-default\">\n\t\t\t\t\t<div class=\"elementor-column elementor-col-25 elementor-top-column elementor-element elementor-element-c95aa25\" data-id=\"c95aa25\" data-element_type=\"column\">\n\t\t\t<div class=\"elementor-widget-wrap elementor-element-populated\">\n\t\t\t\t\t\t\t\t<div class=\"elementor-element elementor-element-8a4d37c elementor-widget elementor-widget-tc-team-member\" data-id=\"8a4d37c\" data-element_type=\"widget\" data-widget_type=\"tc-team-member.default\">\n\t\t\t\t<div class=\"elementor-widget-container\">\n\t\t\t<div class=\"team-item team-style-2\">\r\n\t<div class=\"team-img\">\r\n\t\t<img decoding=\"async\" src=\"https:\/\/i2.wp.com\/magic-reflect.benito.website\/wp-content\/uploads\/2026\/04\/rhizlane-magic-reflect2.jpeg?w=1920&#038;ssl=1\" alt=\"Team\" class=\"img-fluid\" data-recalc-dims=\"1\">\r\n\t<\/div>\r\n\t<div class=\"team-info\">\r\n\t\t<h4>Rhizlane<\/h4>\r\n        <span>Responsable commerciale<\/span>\r\n\t\t<p>Rhizlane est g\u00e9rante commerciale car elle a un don unique pour les relations humaines. Avec son enthousiasme naturel, elle nous permettra de r\u00e9aliser de nombreuses ventes.<\/p>\r\n\r\n\t\t<ul class= \"team-socials\">\r\n                            <li>\r\n                    <a  class=\"elementor-repeater-item-859cbfe\" href=\"\" \".$target. $nofollow\" >\r\n                        <i class=\"fas fa-mail-bulk\"><\/i>\r\n                    <\/a>\r\n                <\/li>\r\n                    <\/ul>\r\n\t<\/div>\r\n<\/div>\t\t<\/div>\n\t\t\t\t<\/div>\n\t\t\t\t\t<\/div>\n\t\t<\/div>\n\t\t\t\t<div class=\"elementor-column elementor-col-25 elementor-top-column elementor-element elementor-element-15b9542\" data-id=\"15b9542\" data-element_type=\"column\">\n\t\t\t<div class=\"elementor-widget-wrap elementor-element-populated\">\n\t\t\t\t\t\t\t\t<div class=\"elementor-element elementor-element-8ebaaca elementor-widget elementor-widget-tc-team-member\" data-id=\"8ebaaca\" data-element_type=\"widget\" data-widget_type=\"tc-team-member.default\">\n\t\t\t\t<div class=\"elementor-widget-container\">\n\t\t\t<div class=\"team-item team-style-2\">\r\n\t<div class=\"team-img\">\r\n\t\t<img decoding=\"async\" src=\"https:\/\/i1.wp.com\/magic-reflect.benito.website\/wp-content\/uploads\/2021\/11\/Benito.jpg?w=1920&#038;ssl=1\" alt=\"Team\" class=\"img-fluid\" data-recalc-dims=\"1\">\r\n\t<\/div>\r\n\t<div class=\"team-info\">\r\n\t\t<h4>Benito<\/h4>\r\n        <span>Responsable Marketing<\/span>\r\n\t\t<p>B\u00e9nito est responsable marketing. Il s\u2019occupe de faire les visuels comme le logo, les affiches publicitaires, le site web ainsi que les vid\u00e9os. Par cons\u00e9quent, il est directement reli\u00e9 au marketing de notre entreprise qu\u2019il sait comment manier afin d\u2019attirer l\u2019\u0153il sur notre produit<\/p>\r\n\r\n\t\t<ul class= \"team-socials\">\r\n                            <li>\r\n                    <a  class=\"elementor-repeater-item-39ac774\" href=\"\" \".$target. $nofollow\" >\r\n                        <i class=\"fas fa-mail-bulk\"><\/i>\r\n                    <\/a>\r\n                <\/li>\r\n                    <\/ul>\r\n\t<\/div>\r\n<\/div>\t\t<\/div>\n\t\t\t\t<\/div>\n\t\t\t\t\t<\/div>\n\t\t<\/div>\n\t\t\t\t<div class=\"elementor-column elementor-col-25 elementor-top-column elementor-element elementor-element-5dc858f\" data-id=\"5dc858f\" data-element_type=\"column\">\n\t\t\t<div class=\"elementor-widget-wrap elementor-element-populated\">\n\t\t\t\t\t\t\t\t<div class=\"elementor-element elementor-element-f538984 elementor-widget elementor-widget-tc-team-member\" data-id=\"f538984\" data-element_type=\"widget\" data-widget_type=\"tc-team-member.default\">\n\t\t\t\t<div class=\"elementor-widget-container\">\n\t\t\t<div class=\"team-item team-style-2\">\r\n\t<div class=\"team-img\">\r\n\t\t<img decoding=\"async\" src=\"https:\/\/i2.wp.com\/magic-reflect.benito.website\/wp-content\/uploads\/2021\/11\/Anas.jpg?w=1920&#038;ssl=1\" alt=\"Team\" class=\"img-fluid\" data-recalc-dims=\"1\">\r\n\t<\/div>\r\n\t<div class=\"team-info\">\r\n\t\t<h4>Anas<\/h4>\r\n        <span>Responsable de la communication<\/span>\r\n\t\t<p>Anas, lui, est g\u00e9rant de la communication car il g\u00e8re les r\u00e9seaux sociaux comme personne. Il pourra mettre en avant notre produit par le biais de campagnes sur les r\u00e9seaux sociaux. Il sait ce qui fait r\u00e9agir sur les r\u00e9seaux et comment cr\u00e9er une communaut\u00e9 engag\u00e9e.<\/p>\r\n\r\n\t\t<ul class= \"team-socials\">\r\n                            <li>\r\n                    <a  class=\"elementor-repeater-item-3124394\" href=\"\" \".$target. $nofollow\" >\r\n                        <i class=\"fas fa-mail-bulk\"><\/i>\r\n                    <\/a>\r\n                <\/li>\r\n                    <\/ul>\r\n\t<\/div>\r\n<\/div>\t\t<\/div>\n\t\t\t\t<\/div>\n\t\t\t\t\t<\/div>\n\t\t<\/div>\n\t\t\t\t<div class=\"elementor-column elementor-col-25 elementor-top-column elementor-element elementor-element-b2ba7f2\" data-id=\"b2ba7f2\" data-element_type=\"column\">\n\t\t\t<div class=\"elementor-widget-wrap elementor-element-populated\">\n\t\t\t\t\t\t\t\t<div class=\"elementor-element elementor-element-4d9b3ae elementor-widget elementor-widget-tc-team-member\" data-id=\"4d9b3ae\" data-element_type=\"widget\" data-widget_type=\"tc-team-member.default\">\n\t\t\t\t<div class=\"elementor-widget-container\">\n\t\t\t<div class=\"team-item team-style-2\">\r\n\t<div class=\"team-img\">\r\n\t\t<img decoding=\"async\" src=\"https:\/\/i1.wp.com\/magic-reflect.benito.website\/wp-content\/uploads\/2021\/11\/Remini20210417230632110-scaled.jpg?w=1920&#038;ssl=1\" alt=\"Team\" class=\"img-fluid\" data-recalc-dims=\"1\">\r\n\t<\/div>\r\n\t<div class=\"team-info\">\r\n\t\t<h4>Elisabeth<\/h4>\r\n        <span>Tr\u00e9sori\u00e8re<\/span>\r\n\t\t<p>\u00c9lisabeth est dou\u00e9e pour les finances, c\u2019est pour cela que nous l\u2019avons choisi comme tr\u00e9sori\u00e8re. Gr\u00e2ce \u00e0 elle, nous aurons une tr\u00e9sorerie bien tenue.<\/p>\r\n\r\n\t\t<ul class= \"team-socials\">\r\n                            <li>\r\n                    <a  class=\"elementor-repeater-item-67b85d4\" href=\"\" \".$target. $nofollow\" >\r\n                        <i class=\"fas fa-mail-bulk\"><\/i>\r\n                    <\/a>\r\n                <\/li>\r\n                    <\/ul>\r\n\t<\/div>\r\n<\/div>\t\t<\/div>\n\t\t\t\t<\/div>\n\t\t\t\t\t<\/div>\n\t\t<\/div>\n\t\t\t\t\t\t\t<\/div>\n\t\t<\/section>\n\t\t\t\t<section class=\"elementor-section elementor-top-section elementor-element elementor-element-7254f7a elementor-section-boxed elementor-section-height-default elementor-section-height-default\" data-id=\"7254f7a\" data-element_type=\"section\">\n\t\t\t\t\t\t<div class=\"elementor-container elementor-column-gap-default\">\n\t\t\t\t\t<div class=\"elementor-column elementor-col-100 elementor-top-column elementor-element elementor-element-30ec871\" data-id=\"30ec871\" data-element_type=\"column\">\n\t\t\t<div class=\"elementor-widget-wrap\">\n\t\t\t\t\t\t\t\t\t<\/div>\n\t\t<\/div>\n\t\t\t\t\t\t\t<\/div>\n\t\t<\/section>\n\t\t\t\t\t\t<\/div>\n\t\t\t\t\t<\/div>\n\t\t","protected":false},"excerpt":{"rendered":"<p>Rhizlane Responsable commerciale Rhizlane est g\u00e9rante commerciale car elle a un don unique pour les relations humaines. Avec son enthousiasme\u2026<\/p>\n","protected":false},"author":1,"featured_media":0,"parent":0,"menu_order":0,"comment_status":"closed","ping_status":"closed","template":"","meta":{"spay_email":"","footnotes":""},"class_list":["post-270","page","type-page","status-publish","hentry"],"_links":{"self":[{"href":"https:\/\/magic-reflect.benito.website\/index.php\/wp-json\/wp\/v2\/pages\/270","targetHints":{"allow":["GET"]}}],"collection":[{"href":"https:\/\/magic-reflect.benito.website\/index.php\/wp-json\/wp\/v2\/pages"}],"about":[{"href":"https:\/\/magic-reflect.benito.website\/index.php\/wp-json\/wp\/v2\/types\/page"}],"author":[{"embeddable":true,"href":"https:\/\/magic-reflect.benito.website\/index.php\/wp-json\/wp\/v2\/users\/1"}],"replies":[{"embeddable":true,"href":"https:\/\/magic-reflect.benito.website\/index.php\/wp-json\/wp\/v2\/comments?post=270"}],"version-history":[{"count":15,"href":"https:\/\/magic-reflect.benito.website\/index.php\/wp-json\/wp\/v2\/pages\/270\/revisions"}],"predecessor-version":[{"id":336,"href":"https:\/\/magic-reflect.benito.website\/index.php\/wp-json\/wp\/v2\/pages\/270\/revisions\/336"}],"wp:attachment":[{"href":"https:\/\/magic-reflect.benito.website\/index.php\/wp-json\/wp\/v2\/media?parent=270"}],"curies":[{"name":"wp","href":"https:\/\/api.w.org\/{rel}","templated":true}]}}