{"id":11,"date":"2021-11-16T19:17:20","date_gmt":"2021-11-16T19:17:20","guid":{"rendered":"https:\/\/magic-reflect.benito.website\/?page_id=11"},"modified":"2021-11-16T19:17:20","modified_gmt":"2021-11-16T19:17:20","slug":"retours","status":"publish","type":"page","link":"https:\/\/magic-reflect.benito.website\/index.php\/retours\/","title":{"rendered":"Retours."},"content":{"rendered":"\r\n<p>Nous comprenons que parfois nos clients changent d\u2019avis. C\u2019est pourquoi nous proposons un d\u00e9lai de retour de 14 jours qui est prolong\u00e9 \u00e0 30 jours dans les rares cas o\u00f9 un miroir d\u00e9veloppe une d\u00e9faillance.<\/p>\r\n<h4 style=\"font-weight: inherit;\">Processus de retour<\/h4>\r\n<ul>\r\n<li>Assurez-vous que le ou les miroir(s) soient dans le m\u00eame \u00e9tat que lorsque vous les avez re\u00e7u et qu\u2019ils n\u2019ont pas \u00e9t\u00e9 endommag\u00e9s lorsqu\u2019ils vous ont \u00e9t\u00e9 confi\u00e9s.<\/li>\r\n<li>Veuillez nous contacter pour demander un num\u00e9ro de retour.<\/li>\r\n<li>Remplissez le formulaire de retour et envoyez-le avec votre miroir.<\/li>\r\n<li>Veuillez noter que ne pas fournir les informations compl\u00e8tes sur le formulaire de retour entra\u00eenera un retard dans le traitement de votre demande.<\/li>\r\n<li>Emballez soigneusement votre article, y compris tous les accessoires re\u00e7us avec.<\/li>\r\n<li>Envoyez le miroir via un service s\u00e9curis\u00e9 suivi et assur\u00e9 \u2013 veuillez noter que l\u2019article est sous votre responsabilit\u00e9 jusqu\u2019\u00e0 sa r\u00e9ception dans l\u2019entrep\u00f4t de notre partenaire.<\/li>\r\n<\/ul>\r\n<h4 style=\"font-weight: inherit;\">Remboursements<\/h4>\r\n<p>Nous avons comme objectif de vous rembourser ou de vous avertir en cas de probl\u00e8me le jour m\u00eame o\u00f9 l\u2019appareil est r\u00e9ceptionn\u00e9 (\u00e0 l\u2019exception des jours f\u00e9ri\u00e9s). Veuillez toutefois noter que cela peut prendre jusqu\u2019\u00e0 48 heures pendant les p\u00e9riodes de forte demande.<\/p>\r\n<p>Nous ne fournissons en aucun cas une quelconque garantie pour la perte de donn\u00e9es et tous les retours seront r\u00e9initialis\u00e9s aux param\u00e8tres usine et toutes donn\u00e9es effac\u00e9s. Nous vous conseillons de faire des sauvegardes des donn\u00e9es du miroir avant de l\u2019envoyer.<\/p>\r\n<h4 style=\"font-weight: inherit;\">Frais et charges<\/h4>\r\n<p>Dans tous les cas, l\u2019acheteur assume la responsabilit\u00e9 des frais de retour.<\/p>\r\n<p>Tous les miroirs retourn\u00e9s sont trait\u00e9s selon le processus de contr\u00f4le de qualit\u00e9.<\/p>\r\n<p>Si notre processus de contr\u00f4le de qualit\u00e9 d\u00e9tecte que votre appareil a subi une tentative de r\u00e9paration par un tiers, une modification logicielle qui n\u2019est plus dans son \u00e9tat d\u2019origine ou a \u00e9t\u00e9 endommag\u00e9 pendant qu\u2019il \u00e9tait sous votre responsabilit\u00e9, vous ne pourrez pas obtenir un remboursement.<\/p>\r\n<p>Si votre appareil n\u2019est pas \u00e9ligible \u00e0 un remboursement, nous vous le retournerons d\u00e8s r\u00e9ception de 11,35\u20ac (pouvant varier)\u00a0pour les frais de retour et les frais de traitement.<\/p>\r\n<p>&nbsp;<\/p>\r\n","protected":false},"excerpt":{"rendered":"<p>Nous comprenons que parfois nos clients changent d\u2019avis. C\u2019est pourquoi nous proposons un d\u00e9lai de retour de 14 jours qui\u2026<\/p>\n","protected":false},"author":1,"featured_media":0,"parent":0,"menu_order":0,"comment_status":"closed","ping_status":"closed","template":"","meta":{"spay_email":"","footnotes":""},"class_list":["post-11","page","type-page","status-publish","hentry"],"_links":{"self":[{"href":"https:\/\/magic-reflect.benito.website\/index.php\/wp-json\/wp\/v2\/pages\/11","targetHints":{"allow":["GET"]}}],"collection":[{"href":"https:\/\/magic-reflect.benito.website\/index.php\/wp-json\/wp\/v2\/pages"}],"about":[{"href":"https:\/\/magic-reflect.benito.website\/index.php\/wp-json\/wp\/v2\/types\/page"}],"author":[{"embeddable":true,"href":"https:\/\/magic-reflect.benito.website\/index.php\/wp-json\/wp\/v2\/users\/1"}],"replies":[{"embeddable":true,"href":"https:\/\/magic-reflect.benito.website\/index.php\/wp-json\/wp\/v2\/comments?post=11"}],"version-history":[{"count":1,"href":"https:\/\/magic-reflect.benito.website\/index.php\/wp-json\/wp\/v2\/pages\/11\/revisions"}],"predecessor-version":[{"id":284,"href":"https:\/\/magic-reflect.benito.website\/index.php\/wp-json\/wp\/v2\/pages\/11\/revisions\/284"}],"wp:attachment":[{"href":"https:\/\/magic-reflect.benito.website\/index.php\/wp-json\/wp\/v2\/media?parent=11"}],"curies":[{"name":"wp","href":"https:\/\/api.w.org\/{rel}","templated":true}]}}